{"id":11,"date":"2026-04-23T14:05:16","date_gmt":"2026-04-23T07:05:16","guid":{"rendered":"https:\/\/ahcompany.com.vn\/?page_id=11"},"modified":"2026-04-23T16:40:24","modified_gmt":"2026-04-23T09:40:24","slug":"trang-chu","status":"publish","type":"page","link":"https:\/\/ahcompany.com.vn\/","title":{"rendered":"Trang ch\u1ee7"},"content":{"rendered":"\n\t<section class=\"section\" id=\"section_880979930\">\n\t\t<div class=\"section-bg fill\" >\n\t\t\t\t\t\t\t\t\t\n\t\t\t\n\n\t\t<\/div>\n\n\t\t\n\n\t\t<div class=\"section-content relative\">\n\t\t\t\n<div class=\"slider-wrapper relative\" id=\"slider-1732879797\" >\n    <div class=\"slider slider-nav-circle slider-nav-large slider-nav-light slider-style-normal\"\n        data-flickity-options='{\n            \"cellAlign\": \"center\",\n            \"imagesLoaded\": true,\n            \"lazyLoad\": 1,\n            \"freeScroll\": false,\n            \"wrapAround\": true,\n            \"autoPlay\": 4000,\n            \"pauseAutoPlayOnHover\" : false,\n            \"prevNextButtons\": true,\n            \"contain\" : true,\n            \"adaptiveHeight\" : true,\n            \"dragThreshold\" : 10,\n            \"percentPosition\": true,\n            \"pageDots\": true,\n            \"rightToLeft\": false,\n            \"draggable\": true,\n            \"selectedAttraction\": 0.1,\n            \"parallax\" : 0,\n            \"friction\": 0.6        }'\n        >\n        \n\t<div class=\"img has-hover x md-x lg-x y md-y lg-y\" id=\"image_2115555068\">\n\t\t\t\t\t\t\t\t<div class=\"img-inner dark\" >\n\t\t\t<img loading=\"lazy\" decoding=\"async\" width=\"2560\" height=\"808\" src=\"https:\/\/ahcompany.com.vn\/wp-content\/uploads\/2026\/04\/banner-ultherapy-PRIME-1-scaled.jpg\" class=\"attachment-original size-original\" alt=\"\" srcset=\"https:\/\/ahcompany.com.vn\/wp-content\/uploads\/2026\/04\/banner-ultherapy-PRIME-1-scaled.jpg 2560w, https:\/\/ahcompany.com.vn\/wp-content\/uploads\/2026\/04\/banner-ultherapy-PRIME-1-300x95.jpg 300w, https:\/\/ahcompany.com.vn\/wp-content\/uploads\/2026\/04\/banner-ultherapy-PRIME-1-1024x323.jpg 1024w, https:\/\/ahcompany.com.vn\/wp-content\/uploads\/2026\/04\/banner-ultherapy-PRIME-1-768x243.jpg 768w, https:\/\/ahcompany.com.vn\/wp-content\/uploads\/2026\/04\/banner-ultherapy-PRIME-1-1536x485.jpg 1536w, https:\/\/ahcompany.com.vn\/wp-content\/uploads\/2026\/04\/banner-ultherapy-PRIME-1-2048x647.jpg 2048w\" sizes=\"auto, (max-width: 2560px) 100vw, 2560px\" \/>\t\t\t\t\t\t\n\t\t\t\t\t<\/div>\n\t\t\t\t\t\t\t\t\n<style>\n#image_2115555068 {\n  width: 100%;\n}\n<\/style>\n\t<\/div>\n\t\n\t<div class=\"img has-hover x md-x lg-x y md-y lg-y\" id=\"image_271538476\">\n\t\t\t\t\t\t\t\t<div class=\"img-inner dark\" >\n\t\t\t<img loading=\"lazy\" decoding=\"async\" width=\"1900\" height=\"600\" src=\"https:\/\/ahcompany.com.vn\/wp-content\/uploads\/2026\/04\/TTCH-ultherapy-PRIME.jpg\" class=\"attachment-original size-original\" alt=\"\" srcset=\"https:\/\/ahcompany.com.vn\/wp-content\/uploads\/2026\/04\/TTCH-ultherapy-PRIME.jpg 1900w, https:\/\/ahcompany.com.vn\/wp-content\/uploads\/2026\/04\/TTCH-ultherapy-PRIME-300x95.jpg 300w, https:\/\/ahcompany.com.vn\/wp-content\/uploads\/2026\/04\/TTCH-ultherapy-PRIME-1024x323.jpg 1024w, https:\/\/ahcompany.com.vn\/wp-content\/uploads\/2026\/04\/TTCH-ultherapy-PRIME-768x243.jpg 768w, https:\/\/ahcompany.com.vn\/wp-content\/uploads\/2026\/04\/TTCH-ultherapy-PRIME-1536x485.jpg 1536w\" sizes=\"auto, (max-width: 1900px) 100vw, 1900px\" \/>\t\t\t\t\t\t\n\t\t\t\t\t<\/div>\n\t\t\t\t\t\t\t\t\n<style>\n#image_271538476 {\n  width: 100%;\n}\n<\/style>\n\t<\/div>\n\t\n\t<div class=\"img has-hover x md-x lg-x y md-y lg-y\" id=\"image_342839284\">\n\t\t\t\t\t\t\t\t<div class=\"img-inner dark\" >\n\t\t\t<img loading=\"lazy\" decoding=\"async\" width=\"1900\" height=\"600\" src=\"https:\/\/ahcompany.com.vn\/wp-content\/uploads\/2026\/04\/Top10-ultherapy-PRIME.jpg\" class=\"attachment-original size-original\" alt=\"\" srcset=\"https:\/\/ahcompany.com.vn\/wp-content\/uploads\/2026\/04\/Top10-ultherapy-PRIME.jpg 1900w, https:\/\/ahcompany.com.vn\/wp-content\/uploads\/2026\/04\/Top10-ultherapy-PRIME-300x95.jpg 300w, https:\/\/ahcompany.com.vn\/wp-content\/uploads\/2026\/04\/Top10-ultherapy-PRIME-1024x323.jpg 1024w, https:\/\/ahcompany.com.vn\/wp-content\/uploads\/2026\/04\/Top10-ultherapy-PRIME-768x243.jpg 768w, https:\/\/ahcompany.com.vn\/wp-content\/uploads\/2026\/04\/Top10-ultherapy-PRIME-1536x485.jpg 1536w\" sizes=\"auto, (max-width: 1900px) 100vw, 1900px\" \/>\t\t\t\t\t\t\n\t\t\t\t\t<\/div>\n\t\t\t\t\t\t\t\t\n<style>\n#image_342839284 {\n  width: 100%;\n}\n<\/style>\n\t<\/div>\n\t\n     <\/div>\n\n     <div class=\"loading-spin dark large centered\"><\/div>\n\n\t<\/div>\n\n\n\t\t<\/div>\n\n\t\t\n<style>\n#section_880979930 {\n  padding-top: 0px;\n  padding-bottom: 0px;\n}\n<\/style>\n\t<\/section>\n\t\n\n\t<section class=\"section\" id=\"section_1891273725\">\n\t\t<div class=\"section-bg fill\" >\n\t\t\t\t\t\t\t\t\t\n\t\t\t\n\n\t\t<\/div>\n\n\t\t\n\n\t\t<div class=\"section-content relative\">\n\t\t\t\n<div class=\"row row-large align-middle\"  id=\"row-211738937\">\n\n\t<div id=\"col-712196602\" class=\"col medium-6 small-12 large-6\"  >\n\t\t\t\t<div class=\"col-inner text-center\"  >\n\t\t\t\n\t\t\t\n<div class=\"container section-title-container\" style=\"margin-bottom:0px;\"><h2 class=\"section-title section-title-center\"><b aria-hidden=\"true\"><\/b><span class=\"section-title-main\" style=\"color:rgb(236, 28, 36);\">V\u1ec0 CH\u00daNG T\u00d4I - AHcompany<\/span><b aria-hidden=\"true\"><\/b><\/h2><\/div>\n\t<div id=\"text-2941605376\" class=\"text\">\n\t\t\n<p><b>AHCompany<\/b> l\u00e0 \u0111\u01a1n v\u1ecb chuy\u00ean ph\u00e2n ph\u1ed1i thi\u1ebft b\u1ecb y t\u1ebf v\u00e0 c\u00f4ng ngh\u1ec7 th\u1ea9m m\u1ef9 ch\u00ednh h\u00e3ng, mang \u0111\u1ebfn c\u00e1c gi\u1ea3i ph\u00e1p ti\u00ean ti\u1ebfn cho b\u1ec7nh vi\u1ec7n, ph\u00f2ng kh\u00e1m v\u00e0 trung t\u00e2m th\u1ea9m m\u1ef9 t\u1ea1i Vi\u1ec7t Nam.<\/p>\n<p>V\u1edbi \u0111\u1ecbnh h\u01b0\u1edbng chuy\u00ean nghi\u1ec7p v\u00e0 b\u1ec1n v\u1eefng, AH Company cam k\u1ebft tr\u1edf th\u00e0nh \u0111\u1ed1i t\u00e1c tin c\u1eady h\u00e0ng \u0111\u1ea7u trong l\u0129nh v\u1ef1c thi\u1ebft b\u1ecb y t\u1ebf v\u00e0 th\u1ea9m m\u1ef9 c\u00f4ng ngh\u1ec7 cao.\u00a0<\/p>\n\t\t\n<style>\n#text-2941605376 {\n  text-align: left;\n}\n<\/style>\n\t<\/div>\n\t\n<a class=\"button primary is-outline\" >\n\t\t<span>Li\u00ean h\u1ec7<\/span>\n\t<\/a>\n\n\t\t<\/div>\n\t\t\t\t\t<\/div>\n\n\t\n\n\t<div id=\"col-1523116937\" class=\"col medium-6 small-12 large-6\"  >\n\t\t\t\t<div class=\"col-inner\"  >\n\t\t\t\n\t\t\t\n\t<div class=\"img has-hover x md-x lg-x y md-y lg-y\" id=\"image_795742690\">\n\t\t\t\t\t\t\t\t<div class=\"img-inner dark\" >\n\t\t\t<img loading=\"lazy\" decoding=\"async\" width=\"2250\" height=\"2250\" src=\"https:\/\/ahcompany.com.vn\/wp-content\/uploads\/2026\/04\/LOGO-AHcompany.png\" class=\"attachment-original size-original\" alt=\"\" srcset=\"https:\/\/ahcompany.com.vn\/wp-content\/uploads\/2026\/04\/LOGO-AHcompany.png 2250w, https:\/\/ahcompany.com.vn\/wp-content\/uploads\/2026\/04\/LOGO-AHcompany-300x300.png 300w, https:\/\/ahcompany.com.vn\/wp-content\/uploads\/2026\/04\/LOGO-AHcompany-1024x1024.png 1024w, https:\/\/ahcompany.com.vn\/wp-content\/uploads\/2026\/04\/LOGO-AHcompany-150x150.png 150w, https:\/\/ahcompany.com.vn\/wp-content\/uploads\/2026\/04\/LOGO-AHcompany-768x768.png 768w, https:\/\/ahcompany.com.vn\/wp-content\/uploads\/2026\/04\/LOGO-AHcompany-1536x1536.png 1536w, https:\/\/ahcompany.com.vn\/wp-content\/uploads\/2026\/04\/LOGO-AHcompany-2048x2048.png 2048w\" sizes=\"auto, (max-width: 2250px) 100vw, 2250px\" \/>\t\t\t\t\t\t\n\t\t\t\t\t<\/div>\n\t\t\t\t\t\t\t\t\n<style>\n#image_795742690 {\n  width: 100%;\n}\n<\/style>\n\t<\/div>\n\t\n\t\t<\/div>\n\t\t\t\t\t<\/div>\n\n\t\n<\/div>\n\t\t<\/div>\n\n\t\t\n<style>\n#section_1891273725 {\n  padding-top: 60px;\n  padding-bottom: 60px;\n  background-color: rgb(255, 255, 255);\n}\n<\/style>\n\t<\/section>\n\t\n\n\t<section class=\"section\" id=\"section_1772795411\">\n\t\t<div class=\"section-bg fill\" >\n\t\t\t\t\t\t\t\t\t\n\t\t\t\n\n\t\t<\/div>\n\n\t\t\n\n\t\t<div class=\"section-content relative\">\n\t\t\t\n\t<div class=\"img has-hover x md-x lg-x y md-y lg-y\" id=\"image_813382583\">\n\t\t\t\t\t\t\t\t<div class=\"img-inner dark\" >\n\t\t\t<img loading=\"lazy\" decoding=\"async\" width=\"2560\" height=\"808\" src=\"https:\/\/ahcompany.com.vn\/wp-content\/uploads\/2026\/04\/banner-ultherapy-PRIME-1-scaled.jpg\" class=\"attachment-original size-original\" alt=\"\" srcset=\"https:\/\/ahcompany.com.vn\/wp-content\/uploads\/2026\/04\/banner-ultherapy-PRIME-1-scaled.jpg 2560w, https:\/\/ahcompany.com.vn\/wp-content\/uploads\/2026\/04\/banner-ultherapy-PRIME-1-300x95.jpg 300w, https:\/\/ahcompany.com.vn\/wp-content\/uploads\/2026\/04\/banner-ultherapy-PRIME-1-1024x323.jpg 1024w, https:\/\/ahcompany.com.vn\/wp-content\/uploads\/2026\/04\/banner-ultherapy-PRIME-1-768x243.jpg 768w, https:\/\/ahcompany.com.vn\/wp-content\/uploads\/2026\/04\/banner-ultherapy-PRIME-1-1536x485.jpg 1536w, https:\/\/ahcompany.com.vn\/wp-content\/uploads\/2026\/04\/banner-ultherapy-PRIME-1-2048x647.jpg 2048w\" sizes=\"auto, (max-width: 2560px) 100vw, 2560px\" \/>\t\t\t\t\t\t\n\t\t\t\t\t<\/div>\n\t\t\t\t\t\t\t\t\n<style>\n#image_813382583 {\n  width: 100%;\n}\n<\/style>\n\t<\/div>\n\t\n\t\t<\/div>\n\n\t\t\n<style>\n#section_1772795411 {\n  padding-top: 0px;\n  padding-bottom: 0px;\n}\n<\/style>\n\t<\/section>\n\t\n\n\t<section class=\"section\" id=\"section_1950069845\">\n\t\t<div class=\"section-bg fill\" >\n\t\t\t\t\t\t\t\t\t\n\t\t\t\n\n\t\t<\/div>\n\n\t\t\n\n\t\t<div class=\"section-content relative\">\n\t\t\t\n<div class=\"row row-large align-middle\"  id=\"row-203727915\">\n\n\t<div id=\"col-1519935153\" class=\"col medium-6 small-12 large-6\"  >\n\t\t\t\t<div class=\"col-inner\"  >\n\t\t\t\n\t\t\t\n\t<div class=\"img has-hover x md-x lg-x y md-y lg-y\" id=\"image_482040851\">\n\t\t\t\t\t\t\t\t<div class=\"img-inner dark\" >\n\t\t\t<img loading=\"lazy\" decoding=\"async\" width=\"590\" height=\"606\" src=\"https:\/\/ahcompany.com.vn\/wp-content\/uploads\/2026\/04\/cong-nghe-ultherapy-prime.png\" class=\"attachment-original size-original\" alt=\"\" srcset=\"https:\/\/ahcompany.com.vn\/wp-content\/uploads\/2026\/04\/cong-nghe-ultherapy-prime.png 590w, https:\/\/ahcompany.com.vn\/wp-content\/uploads\/2026\/04\/cong-nghe-ultherapy-prime-292x300.png 292w\" sizes=\"auto, (max-width: 590px) 100vw, 590px\" \/>\t\t\t\t\t\t\n\t\t\t\t\t<\/div>\n\t\t\t\t\t\t\t\t\n<style>\n#image_482040851 {\n  width: 100%;\n}\n<\/style>\n\t<\/div>\n\t\n\t\t<\/div>\n\t\t\t\t\t<\/div>\n\n\t\n\n\t<div id=\"col-1489801644\" class=\"col medium-6 small-12 large-6\"  >\n\t\t\t\t<div class=\"col-inner text-center\"  >\n\t\t\t\n\t\t\t\n\t<div id=\"text-3628310188\" class=\"text\">\n\t\t\n<h3 style=\"font-size: 30px; color: #fbb539\">C\u00d4NG NGH\u1ec6 ULTHERAPY PRIME<\/h3>\n<p style=\"; color: #fbb539\"><b>N\u00e2ng c\u01a1 v\u00e0 tr\u1ebb h\u00f3a da kh\u00f4ng x\u00e2m l\u1ea5n<\/b><\/p>\n<p>Ultherapy Prime\u00ae s\u1eed d\u1ee5ng s\u00f3ng si\u00eau \u00e2m h\u1ed9i t\u1ee5 vi \u0111i\u1ec3m (MFU \u2013 Micro Focus Ultrasound) \u0111\u1ec3 \u0111i\u1ec1u tr\u1ecb kh\u00f4ng x\u00e2m l\u1ea5n m\u00e0 v\u1eabn t\u00e1c \u0111\u1ed9ng v\u00e0 c\u00e1c l\u1edbp m\u00f4 s\u00e2u d\u01b0\u1edbi da, \u0111\u1eb7c bi\u1ec7t l\u00e0 l\u1edbp SMAS (l\u1edbp c\u00e2n c\u01a1).<\/p>\n<p>V\u1edbi ph\u01b0\u01a1ng ph\u00e1p Ultherapy Prime ti\u00ean ti\u1ebfn, b\u1ec7nh nh\u00e2n ho\u00e0n to\u00e0n kh\u00f4ng c\u1ea7n ph\u1ea3i s\u1eed d\u1ee5ng c\u00e1c ph\u01b0\u01a1ng ph\u00e1p x\u00e2m l\u1ea5n m\u00e0 k\u1ebft qu\u1ea3 v\u1eabn c\u00f3 th\u1ec3 \u0111\u1ea1t \u0111\u01b0\u1ee3c gi\u1ed1ng nh\u01b0 v\u1eady. \u0110\u1ed3ng ngh\u0129a v\u1edbi vi\u1ec7c, b\u1ec7nh nh\u00e2n kh\u00f4ng c\u1ea7n ph\u1ea3i m\u1ea5t th\u1eddi gian ngh\u0129 d\u01b0\u1ee1ng cho ph\u01b0\u01a1ng ph\u00e1p Ultherapy Prime\u00ae.<\/p>\n\t\t\n<style>\n#text-3628310188 {\n  text-align: left;\n}\n<\/style>\n\t<\/div>\n\t\n<a class=\"button primary is-outline\" >\n\t\t<span>Xem th\u00eam<\/span>\n\t<\/a>\n\n\t\t<\/div>\n\t\t\t\t\t<\/div>\n\n\t\n<\/div>\n\t\t<\/div>\n\n\t\t\n<style>\n#section_1950069845 {\n  padding-top: 60px;\n  padding-bottom: 60px;\n  background-color: rgb(255, 255, 255);\n}\n<\/style>\n\t<\/section>\n\t\n\n\t<section class=\"section\" id=\"section_1956995067\">\n\t\t<div class=\"section-bg fill\" >\n\t\t\t\t\t\t\t\t\t\n\t\t\t\n\n\t\t<\/div>\n\n\t\t\n\n\t\t<div class=\"section-content relative\">\n\t\t\t\n\t<div class=\"img has-hover x md-x lg-x y md-y lg-y\" id=\"image_431029329\">\n\t\t\t\t\t\t\t\t<div class=\"img-inner dark\" >\n\t\t\t<img loading=\"lazy\" decoding=\"async\" width=\"2560\" height=\"974\" src=\"https:\/\/ahcompany.com.vn\/wp-content\/uploads\/2026\/04\/banner-radiesse-scaled.jpg\" class=\"attachment-original size-original\" alt=\"\" srcset=\"https:\/\/ahcompany.com.vn\/wp-content\/uploads\/2026\/04\/banner-radiesse-scaled.jpg 2560w, https:\/\/ahcompany.com.vn\/wp-content\/uploads\/2026\/04\/banner-radiesse-300x114.jpg 300w, https:\/\/ahcompany.com.vn\/wp-content\/uploads\/2026\/04\/banner-radiesse-1024x390.jpg 1024w, https:\/\/ahcompany.com.vn\/wp-content\/uploads\/2026\/04\/banner-radiesse-768x292.jpg 768w, https:\/\/ahcompany.com.vn\/wp-content\/uploads\/2026\/04\/banner-radiesse-1536x585.jpg 1536w, https:\/\/ahcompany.com.vn\/wp-content\/uploads\/2026\/04\/banner-radiesse-2048x779.jpg 2048w\" sizes=\"auto, (max-width: 2560px) 100vw, 2560px\" \/>\t\t\t\t\t\t\n\t\t\t\t\t<\/div>\n\t\t\t\t\t\t\t\t\n<style>\n#image_431029329 {\n  width: 100%;\n}\n<\/style>\n\t<\/div>\n\t\n\t\t<\/div>\n\n\t\t\n<style>\n#section_1956995067 {\n  padding-top: 0px;\n  padding-bottom: 0px;\n}\n<\/style>\n\t<\/section>\n\t\n\n\t<section class=\"section\" id=\"section_282909833\">\n\t\t<div class=\"section-bg fill\" >\n\t\t\t\t\t\t\t\t\t\n\t\t\t\n\n\t\t<\/div>\n\n\t\t\n\n\t\t<div class=\"section-content relative\">\n\t\t\t\n<div class=\"row row-large align-middle\"  id=\"row-812648891\">\n\n\t<div id=\"col-1040890509\" class=\"col medium-6 small-12 large-6\"  >\n\t\t\t\t<div class=\"col-inner text-center\"  >\n\t\t\t\n\t\t\t\n\t<div id=\"text-3946338788\" class=\"text\">\n\t\t\n<h3 style=\"font-size: 30px; color: #143757\">RADIESSE<\/h3>\n<p style=\"; color: #143757\"><b>T\u0103ng c\u01b0\u1eddng Collagen &#038; Elastin \u0111\u1ea3o ng\u01b0\u1ee3c l\u00e3o h\u00f3a<\/b><\/p>\n<p>Radiesse l\u00e0 m\u1ed9t lo\u1ea1i ch\u1ea5t l\u00e0m \u0111\u1ea7y da (filler) d\u1ea1ng ti\u00eam \u0111\u01b0\u1ee3c FDA (Hoa K\u1ef3) ph\u00ea duy\u1ec7t \u0111\u1ec3 \u0111i\u1ec1u tr\u1ecb c\u00e1c n\u1ebfp nh\u0103n t\u1eeb trung b\u00ecnh \u0111\u1ebfn n\u1eb7ng v\u00e0 ph\u1ee5c h\u1ed3i th\u1ec3 t\u00edch m\u00f4 b\u1ecb m\u1ea5t<\/p>\n<p>Radiesse ho\u1ea1t \u0111\u1ed9ng theo c\u01a1 ch\u1ebf k\u00edch th\u00edch sinh h\u1ecdc, gi\u00fap c\u01a1 th\u1ec3 t\u1ef1 s\u1ea3n sinh collagen t\u1ef1 nhi\u00ean.<\/p>\n\t\t\n<style>\n#text-3946338788 {\n  text-align: left;\n}\n<\/style>\n\t<\/div>\n\t\n<a class=\"button primary is-outline\" >\n\t\t<span>xem th\u00eam<\/span>\n\t<\/a>\n\n\t\t<\/div>\n\t\t\t\t\t<\/div>\n\n\t\n\n\t<div id=\"col-57062154\" class=\"col medium-6 small-12 large-6\"  >\n\t\t\t\t<div class=\"col-inner\"  >\n\t\t\t\n\t\t\t\n\t<div class=\"img has-hover x md-x lg-x y md-y lg-y\" id=\"image_1744463701\">\n\t\t\t\t\t\t\t\t<div class=\"img-inner dark\" >\n\t\t\t<img loading=\"lazy\" decoding=\"async\" width=\"1081\" height=\"1081\" src=\"https:\/\/ahcompany.com.vn\/wp-content\/uploads\/2026\/04\/radiesse.jpg\" class=\"attachment-original size-original\" alt=\"\" srcset=\"https:\/\/ahcompany.com.vn\/wp-content\/uploads\/2026\/04\/radiesse.jpg 1081w, https:\/\/ahcompany.com.vn\/wp-content\/uploads\/2026\/04\/radiesse-300x300.jpg 300w, https:\/\/ahcompany.com.vn\/wp-content\/uploads\/2026\/04\/radiesse-1024x1024.jpg 1024w, https:\/\/ahcompany.com.vn\/wp-content\/uploads\/2026\/04\/radiesse-150x150.jpg 150w, https:\/\/ahcompany.com.vn\/wp-content\/uploads\/2026\/04\/radiesse-768x768.jpg 768w\" sizes=\"auto, (max-width: 1081px) 100vw, 1081px\" \/>\t\t\t\t\t\t\n\t\t\t\t\t<\/div>\n\t\t\t\t\t\t\t\t\n<style>\n#image_1744463701 {\n  width: 100%;\n}\n<\/style>\n\t<\/div>\n\t\n\t\t<\/div>\n\t\t\t\t\t<\/div>\n\n\t\n<\/div>\n\t\t<\/div>\n\n\t\t\n<style>\n#section_282909833 {\n  padding-top: 60px;\n  padding-bottom: 60px;\n  background-color: rgb(255, 255, 255);\n}\n<\/style>\n\t<\/section>\n\t\n\n\t<section class=\"section\" id=\"section_1036622159\">\n\t\t<div class=\"section-bg fill\" >\n\t\t\t\t\t\t\t\t\t\n\t\t\t\n\n\t\t<\/div>\n\n\t\t\n\n\t\t<div class=\"section-content relative\">\n\t\t\t\n\t<div class=\"img has-hover x md-x lg-x y md-y lg-y\" id=\"image_1867570584\">\n\t\t\t\t\t\t\t\t<div class=\"img-inner dark\" >\n\t\t\t<img loading=\"lazy\" decoding=\"async\" width=\"2560\" height=\"974\" src=\"https:\/\/ahcompany.com.vn\/wp-content\/uploads\/2026\/04\/banner-belotero-scaled.jpg\" class=\"attachment-original size-original\" alt=\"\" srcset=\"https:\/\/ahcompany.com.vn\/wp-content\/uploads\/2026\/04\/banner-belotero-scaled.jpg 2560w, https:\/\/ahcompany.com.vn\/wp-content\/uploads\/2026\/04\/banner-belotero-300x114.jpg 300w, https:\/\/ahcompany.com.vn\/wp-content\/uploads\/2026\/04\/banner-belotero-1024x390.jpg 1024w, https:\/\/ahcompany.com.vn\/wp-content\/uploads\/2026\/04\/banner-belotero-768x292.jpg 768w, https:\/\/ahcompany.com.vn\/wp-content\/uploads\/2026\/04\/banner-belotero-1536x585.jpg 1536w, https:\/\/ahcompany.com.vn\/wp-content\/uploads\/2026\/04\/banner-belotero-2048x779.jpg 2048w\" sizes=\"auto, (max-width: 2560px) 100vw, 2560px\" \/>\t\t\t\t\t\t\n\t\t\t\t\t<\/div>\n\t\t\t\t\t\t\t\t\n<style>\n#image_1867570584 {\n  width: 100%;\n}\n<\/style>\n\t<\/div>\n\t\n\t\t<\/div>\n\n\t\t\n<style>\n#section_1036622159 {\n  padding-top: 0px;\n  padding-bottom: 0px;\n}\n<\/style>\n\t<\/section>\n\t\n\n\t<section class=\"section\" id=\"section_2129092831\">\n\t\t<div class=\"section-bg fill\" >\n\t\t\t\t\t\t\t\t\t\n\t\t\t\n\n\t\t<\/div>\n\n\t\t\n\n\t\t<div class=\"section-content relative\">\n\t\t\t\n<div class=\"row row-large align-middle\"  id=\"row-336494774\">\n\n\t<div id=\"col-962064903\" class=\"col medium-6 small-12 large-6\"  >\n\t\t\t\t<div class=\"col-inner\"  >\n\t\t\t\n\t\t\t\n\t<div class=\"img has-hover x md-x lg-x y md-y lg-y\" id=\"image_2029309509\">\n\t\t\t\t\t\t\t\t<div class=\"img-inner dark\" >\n\t\t\t<img loading=\"lazy\" decoding=\"async\" width=\"1080\" height=\"1350\" src=\"https:\/\/ahcompany.com.vn\/wp-content\/uploads\/2026\/04\/belotero-1.jpg\" class=\"attachment-original size-original\" alt=\"\" srcset=\"https:\/\/ahcompany.com.vn\/wp-content\/uploads\/2026\/04\/belotero-1.jpg 1080w, https:\/\/ahcompany.com.vn\/wp-content\/uploads\/2026\/04\/belotero-1-240x300.jpg 240w, https:\/\/ahcompany.com.vn\/wp-content\/uploads\/2026\/04\/belotero-1-819x1024.jpg 819w, https:\/\/ahcompany.com.vn\/wp-content\/uploads\/2026\/04\/belotero-1-768x960.jpg 768w\" sizes=\"auto, (max-width: 1080px) 100vw, 1080px\" \/>\t\t\t\t\t\t\n\t\t\t\t\t<\/div>\n\t\t\t\t\t\t\t\t\n<style>\n#image_2029309509 {\n  width: 100%;\n}\n<\/style>\n\t<\/div>\n\t\n\t\t<\/div>\n\t\t\t\t\t<\/div>\n\n\t\n\n\t<div id=\"col-234230892\" class=\"col medium-6 small-12 large-6\"  >\n\t\t\t\t<div class=\"col-inner text-center\"  >\n\t\t\t\n\t\t\t\n\t<div id=\"text-4248172563\" class=\"text\">\n\t\t\n<h3 style=\"font-size: 30px; color: #e56a00\">Belotero<\/h3>\n<p style=\"; color: #e56a00\"><b>Khi c\u00f4ng ngh\u1ec7 h\u00f2a h\u1ee3p c\u00f9ng v\u1ebb \u0111\u1eb9p t\u1ef1 nhi\u00ean<\/b><\/p>\n<p>Belotero Revive l\u00e0 m\u1ed9t d\u00f2ng Skinbooster (tinh ch\u1ea5t tr\u1ebb h\u00f3a da) cao c\u1ea5p th\u1ebf h\u1ec7 m\u1edbi thu\u1ed9c t\u1eadp \u0111o\u00e0n d\u01b0\u1ee3c ph\u1ea9m Merz Aesthetics t\u1eeb Th\u1ee5y S\u0129.<\/p>\n<p>\u0110\u00e2y l\u00e0 s\u1ea3n ph\u1ea9m \u0111\u1ea7u ti\u00ean tr\u00ean th\u1ebf gi\u1edbi k\u1ebft h\u1ee3p c\u1ea3 Axit Hyaluronic (HA) li\u00ean k\u1ebft ch\u00e9o v\u00e0 Glycerol trong c\u00f9ng m\u1ed9t c\u00f4ng th\u1ee9c \u0111\u1ec3 c\u1ea5p \u1ea9m s\u00e2u v\u00e0 ph\u1ee5c h\u1ed3i l\u00e0n da t\u1eeb b\u00ean trong<\/p>\n\t\t\n<style>\n#text-4248172563 {\n  text-align: left;\n}\n<\/style>\n\t<\/div>\n\t\n<a class=\"button primary is-outline\" >\n\t\t<span>xem th\u00eam<\/span>\n\t<\/a>\n\n\t\t<\/div>\n\t\t\t\t\t<\/div>\n\n\t\n<\/div>\n\t\t<\/div>\n\n\t\t\n<style>\n#section_2129092831 {\n  padding-top: 60px;\n  padding-bottom: 60px;\n  background-color: rgb(255, 255, 255);\n}\n<\/style>\n\t<\/section>\n\t\n","protected":false},"excerpt":{"rendered":"","protected":false},"author":1,"featured_media":15,"parent":0,"menu_order":0,"comment_status":"closed","ping_status":"closed","template":"page-blank.php","meta":{"footnotes":""},"class_list":["post-11","page","type-page","status-publish","has-post-thumbnail","hentry"],"_links":{"self":[{"href":"https:\/\/ahcompany.com.vn\/index.php?rest_route=\/wp\/v2\/pages\/11","targetHints":{"allow":["GET"]}}],"collection":[{"href":"https:\/\/ahcompany.com.vn\/index.php?rest_route=\/wp\/v2\/pages"}],"about":[{"href":"https:\/\/ahcompany.com.vn\/index.php?rest_route=\/wp\/v2\/types\/page"}],"author":[{"embeddable":true,"href":"https:\/\/ahcompany.com.vn\/index.php?rest_route=\/wp\/v2\/users\/1"}],"replies":[{"embeddable":true,"href":"https:\/\/ahcompany.com.vn\/index.php?rest_route=%2Fwp%2Fv2%2Fcomments&post=11"}],"version-history":[{"count":16,"href":"https:\/\/ahcompany.com.vn\/index.php?rest_route=\/wp\/v2\/pages\/11\/revisions"}],"predecessor-version":[{"id":65,"href":"https:\/\/ahcompany.com.vn\/index.php?rest_route=\/wp\/v2\/pages\/11\/revisions\/65"}],"wp:featuredmedia":[{"embeddable":true,"href":"https:\/\/ahcompany.com.vn\/index.php?rest_route=\/wp\/v2\/media\/15"}],"wp:attachment":[{"href":"https:\/\/ahcompany.com.vn\/index.php?rest_route=%2Fwp%2Fv2%2Fmedia&parent=11"}],"curies":[{"name":"wp","href":"https:\/\/api.w.org\/{rel}","templated":true}]}}